{"id":2414,"date":"2016-06-06T09:40:39","date_gmt":"2016-06-06T08:40:39","guid":{"rendered":"http:\/\/science-nutrition.com\/?page_id=2414"},"modified":"2020-10-16T13:12:09","modified_gmt":"2020-10-16T12:12:09","slug":"our-projects","status":"publish","type":"page","link":"https:\/\/science-nutrition.com\/en\/our-projects\/","title":{"rendered":"Our projects"},"content":{"rendered":"<div class=\"l-subsection\"><div class=\"l-subsection-h\"><div class=\"l-subsection-hh g-html i-cf\"><div class=\"g-hr\">\n\t\t\t\t\t\t<span class=\"g-hr-h\">\n\t\t\t\t\t\t\t<i class=\"fa fa-star\"><\/i>\n\t\t\t\t\t\t<\/span>\n\t\t\t\t\t<\/div>\n<h3 style=\"text-align: center;\"><strong>Our Projects<\/strong><\/h3>\n<div class=\"g-hr type_invisible\">\n\t\t\t\t\t\t<span class=\"g-hr-h\">\n\t\t\t\t\t\t\t<i class=\"fa fa-star\"><\/i>\n\t\t\t\t\t\t<\/span>\n\t\t\t\t\t<\/div>\n<div class=\"g-cols\">\n<div class=\"w-tabs layout_accordion\"><div class=\"w-tabs-h\">\n<div class=\"w-tabs-section active with_icon\"><div class=\"w-tabs-section-title\"><span class=\"w-tabs-section-title-icon fa fa-puzzle-piece\"><\/span><span class=\"w-tabs-section-title-text\">Scientific leaflets \/ News<\/span><span class=\"w-tabs-section-title-control\"><i class=\"fa fa-angle-down\"><\/i><\/span><\/div><div class=\"w-tabs-section-content\"><div class=\"w-tabs-section-content-h\"><p>\n<table>\n<tbody>\n<tr>\n<td style=\"width: 20%;\" rowspan=\"2\"><img decoding=\"async\" src=\"https:\/\/science-nutrition.com\/wp-content\/uploads\/2013\/10\/Cas1_Cedus_DS.jpg\" alt=\"\" width=\"180px\" height=\"180px\" \/><\/td>\n<td>\n<h2><span class=\"highlight\"><strong>SCIENTIFIC LEAFLETS \/ NEWS<\/strong><\/span><\/h2>\n<\/td>\n<\/tr>\n<tr>\n<td>\n<p><span style=\"font-size: 20px; color: #e0e621;\"><strong>CONTEXT:<\/strong><\/span> CEDUS Scientific Department performs a scientific watch and disseminates Nutrition news, regarding sugar and carbohydrates. These news are intended for health care or food industry professionals and published every 3 months.<\/p>\n<p><span style=\"font-size: 20px; color: #e0e621;\"><strong>ORCHIDALI REALIZATION:<\/strong><\/span> We popularize scientific articles in order to make results of the last research studies on carbohydrates or food habits easy to understand in a 12 pages booklet. For each issue, we write 15 short articles and suggest meaningful titles. Find Nutrition news on <a href=\"https:\/\/www.sucre-info.com\/bibliotheque.html\" target=\"_blank\" rel=\"noopener noreferrer\">sucre-info.com<\/a> (in French)<\/p>\n<p><span style=\"font-size: 20px; color: #e0e621;\"><strong>ORCHIDALI ASSET:<\/strong><\/span> We provide scientific knowledge in Nutrition to highlight significant research results.<\/p>\n<p><span style=\"font-size: 20px; color: #e0e621;\"><strong>PERSPECTIVES:<\/strong><\/span> We can perform scientific watch, with regular reports, on your themes of interest.<\/td>\n<\/tr>\n<\/tbody>\n<\/table>\n<\/p><\/div><\/div><\/div>\n<div class=\"w-tabs-section with_icon\"><div class=\"w-tabs-section-title\"><span class=\"w-tabs-section-title-icon fa fa-trophy\"><\/span><span class=\"w-tabs-section-title-text\">Workshop Organisation<\/span><span class=\"w-tabs-section-title-control\"><i class=\"fa fa-angle-down\"><\/i><\/span><\/div><div class=\"w-tabs-section-content\"><div class=\"w-tabs-section-content-h\"><p>\n<table>\n<tbody>\n<tr>\n<td style=\"width: 20%;\" rowspan=\"2\"><img decoding=\"async\" src=\"https:\/\/science-nutrition.com\/wp-content\/uploads\/2016\/06\/orchidali-mondelez.png\" alt=\"\" width=\"180px\" height=\"180px\" \/><\/td>\n<td>\n<h2><span class=\"highlight\"><strong>WORKSHOP ORGANIZATION<\/strong><\/span><\/h2>\n<\/td>\n<\/tr>\n<tr>\n<td>\n<p><a href=\"https:\/\/www.mondelezinternational.com\/\" target=\"_blank\" rel=\"noopener noreferrer\">Mondel\u0113z International, Inc .<\/a>, is a world leader in chocolate, biscuits, gum, candy, coffee and powdered beverages with distribution in over 165 countries around the world.<\/p>\n<p><span style=\"font-size: 20px; color: #e0e621;\"><strong>CONTEXT:<\/strong><\/span> Mondel\u0113z International, Inc has conducted over twenty years of research into starch digestibility in cereal foods and its impact on postprandial metabolic responses. The company took the opportunity of the <a href=\"https:\/\/www.fensberlin2015.org\/\" target=\"_blank\" rel=\"noopener noreferrer\">12th European Nutrition Conference that was held in Berlin<\/a>, Germany from October 20th to 23rd t o organize a scientific workshop for providing the most recent state of the art on slowly digestible starch and its health interest.<\/p>\n<p><span style=\"font-size: 20px; color: #e0e621;\"><strong>ORCHIDALI REALIZATION:<\/strong><\/span> We supported Mondel\u0113z International to set up the program, identify the speakers of the <a href=\"https:\/\/www.mondeleznutritionscience.com\/external-engagements\/nutrition-conferences\" target=\"_blank\" rel=\"noopener noreferrer\">forum on the slowly digestible starch<\/a>. We helped it to strengthen its contribution for increasing the scientific knowledge. We managed speakers and collected biographies, abstracts to be included in the leaflet for attendees. We ensured the scientific consistency and relevance accross the presentations. We combined the texts of the speakers for preparing a conference report to be published in an international publication.<\/p>\n<p><span style=\"font-size: 20px; color: #e0e621;\"><strong>ORCHIDALI ASSET:<\/strong><\/span> Thanks to our expertise in nutrition and knowledge of the scientific community, we proposed experts and adapted symposium program to the professionals\u2019 expectations. We ensured abstracts, presentations, texts of proceedings to be prepared in time. Our role was to build conditions that respect independency of the experts.<\/p>\n<p><span style=\"font-size: 20px; color: #e0e621;\"><strong>PERSPECTIVES:<\/strong><\/span> We can also identify research teams involved in the scientific topic of interest for you, worldwide. We can organize meetings and research partnerships to go further.<\/td>\n<\/tr>\n<\/tbody>\n<\/table>\n<\/p><\/div><\/div><\/div>\n<div class=\"w-tabs-section with_icon\"><div class=\"w-tabs-section-title\"><span class=\"w-tabs-section-title-icon fa fa-puzzle-piece\"><\/span><span class=\"w-tabs-section-title-text\">Bibliometrics<\/span><span class=\"w-tabs-section-title-control\"><i class=\"fa fa-angle-down\"><\/i><\/span><\/div><div class=\"w-tabs-section-content\"><div class=\"w-tabs-section-content-h\"><p> Lorem ipsum dolor sit amet, consectetur adipiscing elit. Morbi sagittis, sem quis lacinia faucibus, orci ipsum gravida tortor, vel interdum mi sapien ut justo. Nulla varius consequat magna, id molestie ipsum volutpat. <\/p><\/div><\/div><\/div>\n<div class=\"w-tabs-section\"><div class=\"w-tabs-section-title\"><span class=\"w-tabs-section-title-icon\"><\/span><span class=\"w-tabs-section-title-text\">Project 4<\/span><span class=\"w-tabs-section-title-control\"><i class=\"fa fa-angle-down\"><\/i><\/span><\/div><div class=\"w-tabs-section-content\"><div class=\"w-tabs-section-content-h\"><p> Lorem ipsum dolor sit amet, consectetur adipiscing elit. Morbi sagittis, sem quis lacinia faucibus, orci ipsum gravida tortor, vel interdum mi sapien ut justo. Nulla varius consequat magna, id molestie ipsum volutpat. <\/p><\/div><\/div><\/div>\n<\/div><\/div>\n<\/div>\n<\/div><\/div><\/div><!-- AddThis Advanced Settings generic via filter on the_content --><!-- AddThis Share Buttons generic via filter on the_content -->","protected":false},"excerpt":{"rendered":"<p>Our Projects<!-- AddThis Advanced Settings generic via filter on get_the_excerpt --><!-- AddThis Share Buttons generic via filter on get_the_excerpt --><\/p>\n","protected":false},"author":1,"featured_media":0,"parent":0,"menu_order":0,"comment_status":"closed","ping_status":"closed","template":"","meta":{"footnotes":""},"class_list":["post-2414","page","type-page","status-publish","hentry"],"yoast_head":"<!-- This site is optimized with the Yoast SEO plugin v26.8 - https:\/\/yoast.com\/product\/yoast-seo-wordpress\/ -->\n<title>Projets | Valorisation de la qualit\u00e9 nutritionnelle des produits.<\/title>\n<meta name=\"description\" content=\"Projets Orchidali : accompagner les entreprises dans la valorisation de la qualit\u00e9 nutritionnelle et des effets de bien-\u00eatre et de sant\u00e9 de leurs produits.\" \/>\n<meta name=\"robots\" content=\"index, follow, max-snippet:-1, max-image-preview:large, max-video-preview:-1\" \/>\n<link rel=\"canonical\" href=\"https:\/\/science-nutrition.com\/our-projects\/\" \/>\n<meta property=\"og:locale\" content=\"en_US\" \/>\n<meta property=\"og:type\" content=\"article\" \/>\n<meta property=\"og:title\" content=\"Projets | Valorisation de la qualit\u00e9 nutritionnelle des produits.\" \/>\n<meta property=\"og:description\" content=\"Projets Orchidali : accompagner les entreprises dans la valorisation de la qualit\u00e9 nutritionnelle et des effets de bien-\u00eatre et de sant\u00e9 de leurs produits.\" \/>\n<meta property=\"og:url\" content=\"https:\/\/science-nutrition.com\/our-projects\/\" \/>\n<meta property=\"og:site_name\" content=\"Orchidali - When feeding is health\" \/>\n<meta property=\"article:modified_time\" content=\"2020-10-16T12:12:09+00:00\" \/>\n<meta property=\"og:image\" content=\"https:\/\/science-nutrition.com\/wp-content\/uploads\/2013\/10\/Cas1_Cedus_DS.jpg\" \/>\n<meta name=\"twitter:card\" content=\"summary_large_image\" \/>\n<meta name=\"twitter:label1\" content=\"Est. reading time\" \/>\n\t<meta name=\"twitter:data1\" content=\"2 minutes\" \/>\n<script type=\"application\/ld+json\" class=\"yoast-schema-graph\">{\"@context\":\"https:\/\/schema.org\",\"@graph\":[{\"@type\":\"WebPage\",\"@id\":\"https:\/\/science-nutrition.com\/our-projects\/\",\"url\":\"https:\/\/science-nutrition.com\/our-projects\/\",\"name\":\"Projets | Valorisation de la qualit\u00e9 nutritionnelle des produits.\",\"isPartOf\":{\"@id\":\"https:\/\/science-nutrition.com\/#website\"},\"primaryImageOfPage\":{\"@id\":\"https:\/\/science-nutrition.com\/our-projects\/#primaryimage\"},\"image\":{\"@id\":\"https:\/\/science-nutrition.com\/our-projects\/#primaryimage\"},\"thumbnailUrl\":\"https:\/\/science-nutrition.com\/wp-content\/uploads\/2013\/10\/Cas1_Cedus_DS.jpg\",\"datePublished\":\"2016-06-06T08:40:39+00:00\",\"dateModified\":\"2020-10-16T12:12:09+00:00\",\"description\":\"Projets Orchidali : accompagner les entreprises dans la valorisation de la qualit\u00e9 nutritionnelle et des effets de bien-\u00eatre et de sant\u00e9 de leurs produits.\",\"breadcrumb\":{\"@id\":\"https:\/\/science-nutrition.com\/our-projects\/#breadcrumb\"},\"inLanguage\":\"en-US\",\"potentialAction\":[{\"@type\":\"ReadAction\",\"target\":[\"https:\/\/science-nutrition.com\/our-projects\/\"]}]},{\"@type\":\"ImageObject\",\"inLanguage\":\"en-US\",\"@id\":\"https:\/\/science-nutrition.com\/our-projects\/#primaryimage\",\"url\":\"https:\/\/science-nutrition.com\/wp-content\/uploads\/2013\/10\/Cas1_Cedus_DS.jpg\",\"contentUrl\":\"https:\/\/science-nutrition.com\/wp-content\/uploads\/2013\/10\/Cas1_Cedus_DS.jpg\"},{\"@type\":\"BreadcrumbList\",\"@id\":\"https:\/\/science-nutrition.com\/our-projects\/#breadcrumb\",\"itemListElement\":[{\"@type\":\"ListItem\",\"position\":1,\"name\":\"Accueil\",\"item\":\"https:\/\/science-nutrition.com\/\"},{\"@type\":\"ListItem\",\"position\":2,\"name\":\"Nos projets\"}]},{\"@type\":\"WebSite\",\"@id\":\"https:\/\/science-nutrition.com\/#website\",\"url\":\"https:\/\/science-nutrition.com\/\",\"name\":\"Orchidali - When feeding is health\",\"description\":\"When feeding is health\",\"potentialAction\":[{\"@type\":\"SearchAction\",\"target\":{\"@type\":\"EntryPoint\",\"urlTemplate\":\"https:\/\/science-nutrition.com\/?s={search_term_string}\"},\"query-input\":{\"@type\":\"PropertyValueSpecification\",\"valueRequired\":true,\"valueName\":\"search_term_string\"}}],\"inLanguage\":\"en-US\"}]}<\/script>\n<!-- \/ Yoast SEO plugin. -->","yoast_head_json":{"title":"Projets | Valorisation de la qualit\u00e9 nutritionnelle des produits.","description":"Projets Orchidali : accompagner les entreprises dans la valorisation de la qualit\u00e9 nutritionnelle et des effets de bien-\u00eatre et de sant\u00e9 de leurs produits.","robots":{"index":"index","follow":"follow","max-snippet":"max-snippet:-1","max-image-preview":"max-image-preview:large","max-video-preview":"max-video-preview:-1"},"canonical":"https:\/\/science-nutrition.com\/our-projects\/","og_locale":"en_US","og_type":"article","og_title":"Projets | Valorisation de la qualit\u00e9 nutritionnelle des produits.","og_description":"Projets Orchidali : accompagner les entreprises dans la valorisation de la qualit\u00e9 nutritionnelle et des effets de bien-\u00eatre et de sant\u00e9 de leurs produits.","og_url":"https:\/\/science-nutrition.com\/our-projects\/","og_site_name":"Orchidali - When feeding is health","article_modified_time":"2020-10-16T12:12:09+00:00","og_image":[{"url":"https:\/\/science-nutrition.com\/wp-content\/uploads\/2013\/10\/Cas1_Cedus_DS.jpg","type":"","width":"","height":""}],"twitter_card":"summary_large_image","twitter_misc":{"Est. reading time":"2 minutes"},"schema":{"@context":"https:\/\/schema.org","@graph":[{"@type":"WebPage","@id":"https:\/\/science-nutrition.com\/our-projects\/","url":"https:\/\/science-nutrition.com\/our-projects\/","name":"Projets | Valorisation de la qualit\u00e9 nutritionnelle des produits.","isPartOf":{"@id":"https:\/\/science-nutrition.com\/#website"},"primaryImageOfPage":{"@id":"https:\/\/science-nutrition.com\/our-projects\/#primaryimage"},"image":{"@id":"https:\/\/science-nutrition.com\/our-projects\/#primaryimage"},"thumbnailUrl":"https:\/\/science-nutrition.com\/wp-content\/uploads\/2013\/10\/Cas1_Cedus_DS.jpg","datePublished":"2016-06-06T08:40:39+00:00","dateModified":"2020-10-16T12:12:09+00:00","description":"Projets Orchidali : accompagner les entreprises dans la valorisation de la qualit\u00e9 nutritionnelle et des effets de bien-\u00eatre et de sant\u00e9 de leurs produits.","breadcrumb":{"@id":"https:\/\/science-nutrition.com\/our-projects\/#breadcrumb"},"inLanguage":"en-US","potentialAction":[{"@type":"ReadAction","target":["https:\/\/science-nutrition.com\/our-projects\/"]}]},{"@type":"ImageObject","inLanguage":"en-US","@id":"https:\/\/science-nutrition.com\/our-projects\/#primaryimage","url":"https:\/\/science-nutrition.com\/wp-content\/uploads\/2013\/10\/Cas1_Cedus_DS.jpg","contentUrl":"https:\/\/science-nutrition.com\/wp-content\/uploads\/2013\/10\/Cas1_Cedus_DS.jpg"},{"@type":"BreadcrumbList","@id":"https:\/\/science-nutrition.com\/our-projects\/#breadcrumb","itemListElement":[{"@type":"ListItem","position":1,"name":"Accueil","item":"https:\/\/science-nutrition.com\/"},{"@type":"ListItem","position":2,"name":"Nos projets"}]},{"@type":"WebSite","@id":"https:\/\/science-nutrition.com\/#website","url":"https:\/\/science-nutrition.com\/","name":"Orchidali - When feeding is health","description":"When feeding is health","potentialAction":[{"@type":"SearchAction","target":{"@type":"EntryPoint","urlTemplate":"https:\/\/science-nutrition.com\/?s={search_term_string}"},"query-input":{"@type":"PropertyValueSpecification","valueRequired":true,"valueName":"search_term_string"}}],"inLanguage":"en-US"}]}},"_links":{"self":[{"href":"https:\/\/science-nutrition.com\/en\/wp-json\/wp\/v2\/pages\/2414","targetHints":{"allow":["GET"]}}],"collection":[{"href":"https:\/\/science-nutrition.com\/en\/wp-json\/wp\/v2\/pages"}],"about":[{"href":"https:\/\/science-nutrition.com\/en\/wp-json\/wp\/v2\/types\/page"}],"author":[{"embeddable":true,"href":"https:\/\/science-nutrition.com\/en\/wp-json\/wp\/v2\/users\/1"}],"replies":[{"embeddable":true,"href":"https:\/\/science-nutrition.com\/en\/wp-json\/wp\/v2\/comments?post=2414"}],"version-history":[{"count":7,"href":"https:\/\/science-nutrition.com\/en\/wp-json\/wp\/v2\/pages\/2414\/revisions"}],"predecessor-version":[{"id":7328,"href":"https:\/\/science-nutrition.com\/en\/wp-json\/wp\/v2\/pages\/2414\/revisions\/7328"}],"wp:attachment":[{"href":"https:\/\/science-nutrition.com\/en\/wp-json\/wp\/v2\/media?parent=2414"}],"curies":[{"name":"wp","href":"https:\/\/api.w.org\/{rel}","templated":true}]}}